{"id":10,"date":"2020-05-12T06:37:08","date_gmt":"2020-05-12T06:37:08","guid":{"rendered":"https:\/\/borderlinetattoo.de\/?page_id=10"},"modified":"2022-10-25T09:38:28","modified_gmt":"2022-10-25T09:38:28","slug":"home","status":"publish","type":"page","link":"https:\/\/borderlinetattoo.de\/","title":{"rendered":"Home"},"content":{"rendered":"<p>[et_pb_section fb_built=&#8221;1&#8243; fullwidth=&#8221;on&#8221; disabled_on=&#8221;on|on|off&#8221; admin_label=&#8221;Video &#8211; Desktop&#8221; module_id=&#8221;home&#8221; _builder_version=&#8221;4.16&#8243; custom_margin=&#8221;0px|0px|0px|0px|false|false&#8221; custom_padding=&#8221;0px|0px|0px|0px|false|false&#8221; global_colors_info=&#8221;{}&#8221;][et_pb_fullwidth_header text_orientation=&#8221;center&#8221; header_fullscreen=&#8221;on&#8221; header_scroll_down=&#8221;on&#8221; scroll_down_icon_color=&#8221;#1b1b1b&#8221; scroll_down_icon_size=&#8221;25px&#8221; _builder_version=&#8221;4.16&#8243; background_enable_color=&#8221;off&#8221; background_video_mp4=&#8221;https:\/\/borderlinetattoo.de\/wp-content\/uploads\/2020\/11\/cover_up_3_smallest.mp4&#8243; background_video_width=&#8221;100%&#8221; module_alignment=&#8221;center&#8221; min_height=&#8221;100vh&#8221; custom_margin=&#8221;0px|0px|0px|0px|false|false&#8221; custom_padding=&#8221;0px|0px|157px|0px|false|false&#8221; global_colors_info=&#8221;{}&#8221; subhead__hover_enabled=&#8221;on|desktop&#8221;][\/et_pb_fullwidth_header][\/et_pb_section][et_pb_section fb_built=&#8221;1&#8243; fullwidth=&#8221;on&#8221; disabled_on=&#8221;on|off|on&#8221; admin_label=&#8221;Video &#8211; Tablet&#8221; _builder_version=&#8221;4.16&#8243; global_colors_info=&#8221;{}&#8221;][et_pb_fullwidth_code _builder_version=&#8221;4.16&#8243; background_video_mp4=&#8221;https:\/\/borderlinetattoo.de\/wp-content\/uploads\/2020\/11\/cover_up_3_smallest.mp4&#8243; height=&#8221;430px&#8221; global_colors_info=&#8221;{}&#8221;][\/et_pb_fullwidth_code][\/et_pb_section][et_pb_section fb_built=&#8221;1&#8243; fullwidth=&#8221;on&#8221; disabled_on=&#8221;off|on|on&#8221; admin_label=&#8221;Video &#8211; Mobile&#8221; _builder_version=&#8221;4.16&#8243; global_colors_info=&#8221;{}&#8221;][et_pb_fullwidth_code _builder_version=&#8221;4.16&#8243; background_video_mp4=&#8221;https:\/\/borderlinetattoo.de\/wp-content\/uploads\/2020\/11\/cover_up_3_smallest.mp4&#8243; height=&#8221;296px&#8221; global_colors_info=&#8221;{}&#8221;][\/et_pb_fullwidth_code][\/et_pb_section][et_pb_section fb_built=&#8221;1&#8243; custom_padding_last_edited=&#8221;on|phone&#8221; _builder_version=&#8221;4.16&#8243; background_color=&#8221;#d3c0d3&#8243; custom_margin=&#8221;||0px|||&#8221; custom_padding=&#8221;||73px|||&#8221; custom_padding_tablet=&#8221;&#8221; custom_padding_phone=&#8221;||20px||false|false&#8221; global_colors_info=&#8221;{}&#8221;][et_pb_row custom_padding_last_edited=&#8221;on|phone&#8221; _builder_version=&#8221;4.16&#8243; custom_padding=&#8221;90px|||||&#8221; custom_padding_tablet=&#8221;&#8221; custom_padding_phone=&#8221;0px||||false|false&#8221; global_colors_info=&#8221;{}&#8221;][et_pb_column type=&#8221;4_4&#8243; _builder_version=&#8221;4.16&#8243; global_colors_info=&#8221;{}&#8221;][et_pb_text _builder_version=&#8221;4.16&#8243; text_font=&#8221;|700|||||||&#8221; text_text_color=&#8221;#1b1b1b&#8221; text_font_size=&#8221;57px&#8221; text_line_height=&#8221;1.2em&#8221; animation_style=&#8221;slide&#8221; animation_direction=&#8221;left&#8221; animation_duration=&#8221;900ms&#8221; animation_delay=&#8221;450ms&#8221; animation_intensity_slide=&#8221;1%&#8221; hover_transition_duration=&#8221;600ms&#8221; hover_transition_delay=&#8221;50ms&#8221; hover_transition_speed_curve=&#8221;ease-in-out&#8221; text_font_size_tablet=&#8221;35px&#8221; text_font_size_phone=&#8221;23px&#8221; text_font_size_last_edited=&#8221;on|phone&#8221; inline_fonts=&#8221;Montserrat&#8221; global_colors_info=&#8221;{}&#8221;]<\/p>\n<p><span style=\"color: #ffffff;\"><strong><span style=\"font-family: Montserrat;\">Narben sind ein Teil von\u00a0<span class=\"bx-font\">unserem\u00a0<\/span>Leben,\u00a0<br \/><span style=\"color: #333333;\">egal wie sie entstanden sind.\u00a0<\/span><\/span><\/strong><\/span><\/p>\n<p>[\/et_pb_text][et_pb_text _builder_version=&#8221;4.16&#8243; text_text_color=&#8221;#333333&#8243; text_font_size=&#8221;16px&#8221; custom_padding=&#8221;||0px|||&#8221; global_colors_info=&#8221;{}&#8221;]<\/p>\n<p>Sie sind eine Erinnerung daran, mit welchen Situationen uns das Leben testet. Nat\u00fcrlich ist man stolz auf sich, nachdem man den Kampf mit sich selbst gewonnen hat, aber die Narben bleiben und manchmal bringen Sie schlechte Erinnerungen mit sich. Man m\u00f6chte diese einfach verstecken und vergessen.<\/p>\n<p>[\/et_pb_text][\/et_pb_column][\/et_pb_row][et_pb_row column_structure=&#8221;1_2,1_2&#8243; custom_padding_last_edited=&#8221;on|phone&#8221; _builder_version=&#8221;4.16&#8243; custom_padding=&#8221;23px||23px||true|&#8221; custom_padding_tablet=&#8221;&#8221; custom_padding_phone=&#8221;0px||0px||false|false&#8221; global_colors_info=&#8221;{}&#8221;][et_pb_column type=&#8221;1_2&#8243; _builder_version=&#8221;4.16&#8243; global_colors_info=&#8221;{}&#8221;][et_pb_image src=&#8221;https:\/\/borderlinetattoo.de\/wp-content\/uploads\/2020\/07\/borderline_cover_final6.png&#8221; title_text=&#8221;borderline_cover_final6&#8243; _builder_version=&#8221;4.16&#8243; custom_margin=&#8221;64px|||||&#8221; custom_margin_tablet=&#8221;&#8221; custom_margin_phone=&#8221;0px||0px||false|false&#8221; custom_margin_last_edited=&#8221;on|phone&#8221; global_colors_info=&#8221;{}&#8221;][\/et_pb_image][\/et_pb_column][et_pb_column type=&#8221;1_2&#8243; _builder_version=&#8221;4.16&#8243; global_colors_info=&#8221;{}&#8221;][et_pb_blurb title=&#8221;\u201e&#8221; image_icon_width=&#8221;35%&#8221; image_icon_width_last_edited=&#8221;on|desktop&#8221; _builder_version=&#8221;4.16&#8243; header_font=&#8221;ABeeZee||||||||&#8221; header_text_color=&#8221;#ffffff&#8221; header_font_size=&#8221;100px&#8221; body_font=&#8221;||||||||&#8221; body_text_color=&#8221;#333&#8243; body_font_size=&#8221;16px&#8221; custom_margin=&#8221;||||false|false&#8221; custom_margin_tablet=&#8221;0vw||||false|false&#8221; custom_margin_phone=&#8221;0vw||||false|false&#8221; custom_margin_last_edited=&#8221;on|desktop&#8221; child_filter_saturate=&#8221;35%&#8221; animation_style=&#8221;slide&#8221; animation_duration=&#8221;900ms&#8221; animation_delay=&#8221;250ms&#8221; animation_intensity_slide=&#8221;5%&#8221; header_font_size_tablet=&#8221;50px&#8221; header_font_size_phone=&#8221;&#8221; header_font_size_last_edited=&#8221;on|desktop&#8221; image_max_width=&#8221;35%&#8221; image_max_width_tablet=&#8221;&#8221; image_max_width_phone=&#8221;&#8221; image_max_width_last_edited=&#8221;on|desktop&#8221; global_colors_info=&#8221;{}&#8221; image_icon_width_tablet=&#8221;35%&#8221; image_icon_width_phone=&#8221;35%&#8221;]<\/p>\n<p><em>\u201eLasern ist eine Option, aber ist f\u00fcr mich viel zu teuer und es dauert auch lange. Mein ganzer Arm ist mit Narben \u00fcberdeckt. Ich kann mir nicht mal die Summe vorstellen, die ich f\u00fcr die Laserentfernung brauchen w\u00fcrde.\u201c<\/em><\/p>\n<p>[\/et_pb_blurb][et_pb_blurb image_icon_width=&#8221;35%&#8221; image_icon_width_last_edited=&#8221;on|desktop&#8221; _builder_version=&#8221;4.16&#8243; header_font=&#8221;ABeeZee||||||||&#8221; header_text_color=&#8221;#ffffff&#8221; header_font_size=&#8221;100px&#8221; body_font=&#8221;||||||||&#8221; body_text_color=&#8221;#333&#8243; body_font_size=&#8221;16px&#8221; custom_margin=&#8221;||||false|false&#8221; custom_margin_tablet=&#8221;0vw||||false|false&#8221; custom_margin_phone=&#8221;0vw||||false|false&#8221; custom_margin_last_edited=&#8221;on|desktop&#8221; custom_padding=&#8221;0px|||||&#8221; child_filter_saturate=&#8221;35%&#8221; animation_style=&#8221;slide&#8221; animation_duration=&#8221;900ms&#8221; animation_delay=&#8221;250ms&#8221; animation_intensity_slide=&#8221;5%&#8221; header_font_size_tablet=&#8221;50px&#8221; header_font_size_phone=&#8221;&#8221; header_font_size_last_edited=&#8221;on|desktop&#8221; image_max_width=&#8221;35%&#8221; image_max_width_tablet=&#8221;&#8221; image_max_width_phone=&#8221;&#8221; image_max_width_last_edited=&#8221;on|desktop&#8221; global_colors_info=&#8221;{}&#8221; image_icon_width_tablet=&#8221;35%&#8221; image_icon_width_phone=&#8221;35%&#8221;]<\/p>\n<p><em>\u201eEs ist sehr schwierig, wenn du schon seit einiger Zeit\u00a0<span class=\"bx-font\">mit dir im Reinen bist<\/span>, aber du wirst jeden Tag daran erinnert, was du getan hast. Es weckt Erinnerungen daran, wie du dich damals gef\u00fchlt hast. \u201c <\/em><\/p>\n<p>[\/et_pb_blurb][\/et_pb_column][\/et_pb_row][\/et_pb_section][et_pb_section fb_built=&#8221;1&#8243; custom_padding_last_edited=&#8221;on|phone&#8221; _builder_version=&#8221;4.16&#8243; background_enable_color=&#8221;off&#8221; background_color_gradient_direction=&#8221;91deg&#8221; background_image=&#8221;https:\/\/borderlinetattoo.de\/wp-content\/uploads\/2020\/07\/borderline_cover_final5.png&#8221; parallax=&#8221;on&#8221; parallax_method=&#8221;off&#8221; custom_padding=&#8221;0px||1px|||&#8221; custom_padding_tablet=&#8221;&#8221; custom_padding_phone=&#8221;0px||0px||false|false&#8221; scroll_fade_enable=&#8221;on&#8221; background_last_edited=&#8221;on|phone&#8221; parallax_phone=&#8221;off&#8221; global_colors_info=&#8221;{}&#8221;][et_pb_row column_structure=&#8221;1_5,3_5,1_5&#8243; custom_padding_last_edited=&#8221;on|phone&#8221; _builder_version=&#8221;4.16&#8243; background_color=&#8221;rgba(0,0,0,0.32)&#8221; width=&#8221;100%&#8221; max_width=&#8221;100%&#8221; custom_padding=&#8221;307px|43px|307px|43px|true|true&#8221; custom_padding_tablet=&#8221;&#8221; custom_padding_phone=&#8221;30px||30px||false|false&#8221; background_color_tablet=&#8221;rgba(0,0,0,0.41)&#8221; background_color_phone=&#8221;rgba(0,0,0,0.42)&#8221; background_last_edited=&#8221;on|desktop&#8221; background_enable_color_tablet=&#8221;on&#8221; background_enable_color_phone=&#8221;on&#8221; global_colors_info=&#8221;{}&#8221;][et_pb_column type=&#8221;1_5&#8243; _builder_version=&#8221;4.16&#8243; global_colors_info=&#8221;{}&#8221;][\/et_pb_column][et_pb_column type=&#8221;3_5&#8243; _builder_version=&#8221;4.16&#8243; global_colors_info=&#8221;{}&#8221;][et_pb_text _builder_version=&#8221;4.16&#8243; text_font=&#8221;|700|||||||&#8221; text_text_color=&#8221;#1b1b1b&#8221; text_font_size=&#8221;57px&#8221; text_line_height=&#8221;1.2em&#8221; custom_margin=&#8221;1px||5px|||&#8221; custom_padding=&#8221;4px|||29px||&#8221; animation_style=&#8221;slide&#8221; animation_direction=&#8221;left&#8221; animation_duration=&#8221;900ms&#8221; animation_delay=&#8221;450ms&#8221; animation_intensity_slide=&#8221;1%&#8221; text_font_size_tablet=&#8221;&#8221; text_font_size_phone=&#8221;23px&#8221; text_font_size_last_edited=&#8221;on|phone&#8221; inline_fonts=&#8221;Montserrat&#8221; global_colors_info=&#8221;{}&#8221;]<\/p>\n<p><span style=\"color: #ffffff;\"><strong>Man hat nicht nur ein wundervolles Kunstwerk auf der Haut, sondern auch eine Erinnerung daran, wie stark man eigentlich ist.<\/strong><\/span><\/p>\n<p>[\/et_pb_text][\/et_pb_column][et_pb_column type=&#8221;1_5&#8243; _builder_version=&#8221;4.16&#8243; global_colors_info=&#8221;{}&#8221;][\/et_pb_column][\/et_pb_row][\/et_pb_section][et_pb_section fb_built=&#8221;1&#8243; _builder_version=&#8221;4.16&#8243; background_color=&#8221;#1e1e1e&#8221; global_colors_info=&#8221;{}&#8221;][et_pb_row _builder_version=&#8221;4.16&#8243; _module_preset=&#8221;default&#8221; custom_padding=&#8221;16px|||||&#8221; global_colors_info=&#8221;{}&#8221;][et_pb_column type=&#8221;4_4&#8243; _builder_version=&#8221;4.16&#8243; _module_preset=&#8221;default&#8221; global_colors_info=&#8221;{}&#8221;][et_pb_text _builder_version=&#8221;4.16&#8243; text_font=&#8221;|700|||||||&#8221; text_text_color=&#8221;#333333&#8243; text_font_size=&#8221;57px&#8221; text_line_height=&#8221;1.2em&#8221; custom_margin=&#8221;1px|||||&#8221; custom_padding=&#8221;7px|||||&#8221; custom_padding_tablet=&#8221;&#8221; custom_padding_phone=&#8221;20px||||false|false&#8221; custom_padding_last_edited=&#8221;on|desktop&#8221; animation_style=&#8221;slide&#8221; animation_direction=&#8221;left&#8221; animation_duration=&#8221;900ms&#8221; animation_delay=&#8221;450ms&#8221; animation_intensity_slide=&#8221;1%&#8221; text_font_size_tablet=&#8221;&#8221; text_font_size_phone=&#8221;23px&#8221; text_font_size_last_edited=&#8221;on|phone&#8221; inline_fonts=&#8221;Montserrat&#8221; global_colors_info=&#8221;{}&#8221;]<\/p>\n<p><strong><span style=\"color: #ffffff;\">Der Prozess der<\/span> <span style=\"color: #b42a2a;\"><a href=\"https:\/\/narben.color-clinic.com\" style=\"color: #b42a2a;\" target=\"_blank\" rel=\"noopener\">Narben Cover Ups<\/a><\/span> <span style=\"color: #ffffff;\">ist nicht nur eine normale Tattoo-Sitzung.\u00a0Es ist viel mehr als das. <\/span><\/strong><\/p>\n<p>[\/et_pb_text][et_pb_text _builder_version=&#8221;4.16&#8243; text_text_color=&#8221;#333&#8243; text_font_size=&#8221;16px&#8221; global_colors_info=&#8221;{}&#8221;]<\/p>\n<p><span style=\"color: #ffffff;\">Es entsteht eine ganz besondere Beziehung zwischen dem<\/span><span style=\"color: #939393;\"> <strong><span style=\"color: #b42a2a;\"><a href=\"https:\/\/color-clinic.com\" style=\"color: #b42a2a;\" target=\"_blank\" rel=\"noopener\">K\u00fcnstler<\/a><\/span><\/strong> <\/span><span style=\"color: #ffffff;\">und dem Kunden. Sie verstehen sich und wissen beide, dass ein Heilungsprozess stattfindet, auf den sie beide stolz sind.\u00a0<span style=\"font-size: 16px;\">Am Ende sehen wir aber bei jedem Kunden ein L\u00e4cheln oder manchmal auch Tr\u00e4nen der Freude im Gesicht.<\/span><\/span><\/p>\n<p>[\/et_pb_text][et_pb_video src=&#8221;https:\/\/borderlinetattoo.de\/wp-content\/uploads\/2020\/08\/Comp1-1.mp4&#8243; image_src=&#8221;https:\/\/borderlinetattoo.de\/wp-content\/uploads\/2020\/08\/Capture2.jpg&#8221; thumbnail_overlay_color=&#8221;rgba(0,0,0,0.6)&#8221; _builder_version=&#8221;4.16&#8243; _module_preset=&#8221;default&#8221; width=&#8221;60%&#8221; width_tablet=&#8221;100px&#8221; width_phone=&#8221;100px&#8221; width_last_edited=&#8221;on|desktop&#8221; module_alignment=&#8221;center&#8221; global_colors_info=&#8221;{}&#8221;][\/et_pb_video][\/et_pb_column][\/et_pb_row][\/et_pb_section][et_pb_section fb_built=&#8221;1&#8243; _builder_version=&#8221;4.16&#8243; background_color=&#8221;#f7f7f7&#8243; custom_margin=&#8221;0px||0px||false|false&#8221; custom_padding=&#8221;0px||0px||false|false&#8221; global_colors_info=&#8221;{}&#8221;][et_pb_row _builder_version=&#8221;4.16&#8243; global_colors_info=&#8221;{}&#8221;][et_pb_column type=&#8221;4_4&#8243; _builder_version=&#8221;4.16&#8243; global_colors_info=&#8221;{}&#8221;][\/et_pb_column][\/et_pb_row][et_pb_row column_structure=&#8221;1_2,1_2&#8243; custom_padding_last_edited=&#8221;on|phone&#8221; _builder_version=&#8221;4.16&#8243; custom_padding=&#8221;48px|||||&#8221; custom_padding_tablet=&#8221;&#8221; custom_padding_phone=&#8221;20px||||false|false&#8221; global_colors_info=&#8221;{}&#8221;][et_pb_column type=&#8221;1_2&#8243; _builder_version=&#8221;4.16&#8243; global_colors_info=&#8221;{}&#8221;][et_pb_blurb image_icon_width=&#8221;35%&#8221; image_icon_width_last_edited=&#8221;on|desktop&#8221; _builder_version=&#8221;4.16&#8243; body_font=&#8221;||||||||&#8221; body_text_color=&#8221;#333&#8243; body_font_size=&#8221;16px&#8221; child_filter_saturate=&#8221;35%&#8221; animation_style=&#8221;slide&#8221; animation_duration=&#8221;900ms&#8221; animation_delay=&#8221;250ms&#8221; animation_intensity_slide=&#8221;5%&#8221; image_max_width=&#8221;35%&#8221; image_max_width_tablet=&#8221;&#8221; image_max_width_phone=&#8221;&#8221; image_max_width_last_edited=&#8221;on|desktop&#8221; global_colors_info=&#8221;{}&#8221; image_icon_width_tablet=&#8221;35%&#8221; image_icon_width_phone=&#8221;35%&#8221;]<\/p>\n<p><em>\u201eEs gibt einem ein neues Gef\u00fchl der Freiheit und das Selbstbewusstsein wird auch viel st\u00e4rker.&#8221;<\/em><\/p>\n<p>[\/et_pb_blurb][\/et_pb_column][et_pb_column type=&#8221;1_2&#8243; _builder_version=&#8221;4.16&#8243; global_colors_info=&#8221;{}&#8221;][et_pb_blurb image_icon_width=&#8221;35%&#8221; image_icon_width_last_edited=&#8221;on|desktop&#8221; _builder_version=&#8221;4.16&#8243; body_font=&#8221;||||||||&#8221; body_text_color=&#8221;#333333&#8243; body_font_size=&#8221;16px&#8221; child_filter_saturate=&#8221;35%&#8221; animation_style=&#8221;slide&#8221; animation_duration=&#8221;900ms&#8221; animation_delay=&#8221;250ms&#8221; animation_intensity_slide=&#8221;5%&#8221; image_max_width=&#8221;35%&#8221; image_max_width_tablet=&#8221;&#8221; image_max_width_phone=&#8221;&#8221; image_max_width_last_edited=&#8221;on|desktop&#8221; global_colors_info=&#8221;{}&#8221; image_icon_width_tablet=&#8221;35%&#8221; image_icon_width_phone=&#8221;35%&#8221;]<\/p>\n<p><em>\u201eT\u00e4towieren \u00fcber solche Narben kann viele Emotionen ausl\u00f6sen. Es kann Tr\u00e4nen und Erinnerungen hervorrufen.\u201c<\/em><\/p>\n<p>[\/et_pb_blurb][\/et_pb_column][\/et_pb_row][et_pb_row _builder_version=&#8221;4.16&#8243; _module_preset=&#8221;default&#8221; global_colors_info=&#8221;{}&#8221;][et_pb_column type=&#8221;4_4&#8243; _builder_version=&#8221;4.16&#8243; _module_preset=&#8221;default&#8221; global_colors_info=&#8221;{}&#8221;][baie_before_after_image src_before=&#8221;https:\/\/borderlinetattoo.de\/wp-content\/uploads\/2020\/07\/02_cover_up_1_scar.png&#8221; label_before=&#8221;Vorher&#8221; src_after=&#8221;https:\/\/borderlinetattoo.de\/wp-content\/uploads\/2020\/07\/01_cover_up_1_tattoo.png&#8221; label_after=&#8221;Nachher&#8221; title_text=&#8221;01_cover_up_1_tattoo&#8221; align=&#8221;center&#8221; _builder_version=&#8221;4.16&#8243; _module_preset=&#8221;default&#8221; global_colors_info=&#8221;{}&#8221;][\/baie_before_after_image][\/et_pb_column][\/et_pb_row][\/et_pb_section][et_pb_section fb_built=&#8221;1&#8243; fullwidth=&#8221;on&#8221; disabled_on=&#8221;on|on|off&#8221; _builder_version=&#8221;4.16&#8243; global_colors_info=&#8221;{}&#8221;][et_pb_fullwidth_header header_fullscreen=&#8221;on&#8221; _builder_version=&#8221;4.16&#8243; background_enable_color=&#8221;off&#8221; background_image=&#8221;https:\/\/borderlinetattoo.de\/wp-content\/uploads\/2020\/07\/borderline_cover_final2.png&#8221; parallax=&#8221;on&#8221; global_colors_info=&#8221;{}&#8221;][\/et_pb_fullwidth_header][\/et_pb_section][et_pb_section fb_built=&#8221;1&#8243; fullwidth=&#8221;on&#8221; disabled_on=&#8221;on|off|on&#8221; admin_label=&#8221;Video &#8211; Tablet&#8221; _builder_version=&#8221;4.16&#8243; global_colors_info=&#8221;{}&#8221;][et_pb_fullwidth_code _builder_version=&#8221;4.16&#8243; background_image=&#8221;https:\/\/borderlinetattoo.de\/wp-content\/uploads\/2020\/07\/borderline_cover_final2.png&#8221; background_enable_video_mp4=&#8221;off&#8221; height=&#8221;430px&#8221; global_colors_info=&#8221;{}&#8221;][\/et_pb_fullwidth_code][\/et_pb_section][et_pb_section fb_built=&#8221;1&#8243; fullwidth=&#8221;on&#8221; disabled_on=&#8221;off|on|on&#8221; admin_label=&#8221;Video &#8211; Mobile&#8221; _builder_version=&#8221;4.16&#8243; global_colors_info=&#8221;{}&#8221;][et_pb_fullwidth_code _builder_version=&#8221;4.16&#8243; background_image=&#8221;https:\/\/borderlinetattoo.de\/wp-content\/uploads\/2020\/07\/borderline_cover_final2.png&#8221; background_enable_video_mp4=&#8221;off&#8221; height=&#8221;296px&#8221; global_colors_info=&#8221;{}&#8221;][\/et_pb_fullwidth_code][\/et_pb_section][et_pb_section fb_built=&#8221;1&#8243; module_id=&#8221;kontakt&#8221; _builder_version=&#8221;4.16&#8243; background_color=&#8221;#1e1e1e&#8221; global_colors_info=&#8221;{}&#8221;][et_pb_row custom_padding_last_edited=&#8221;on|phone&#8221; _builder_version=&#8221;4.16&#8243; custom_padding=&#8221;0px||124px|||&#8221; custom_padding_tablet=&#8221;&#8221; custom_padding_phone=&#8221;20px||20px||false|false&#8221; global_colors_info=&#8221;{}&#8221;][et_pb_column type=&#8221;4_4&#8243; _builder_version=&#8221;4.16&#8243; global_colors_info=&#8221;{}&#8221;][et_pb_text _builder_version=&#8221;4.16&#8243; text_font=&#8221;|700|||||||&#8221; text_text_color=&#8221;#ffffff&#8221; text_font_size=&#8221;57px&#8221; text_line_height=&#8221;1.2em&#8221; text_orientation=&#8221;center&#8221; custom_margin=&#8221;1px|||||&#8221; custom_padding=&#8221;90px|0px||0px||&#8221; custom_padding_tablet=&#8221;&#8221; custom_padding_phone=&#8221;20px||||false|false&#8221; custom_padding_last_edited=&#8221;on|phone&#8221; text_font_size_tablet=&#8221;&#8221; text_font_size_phone=&#8221;23px&#8221; text_font_size_last_edited=&#8221;on|phone&#8221; inline_fonts=&#8221;Montserrat&#8221; global_colors_info=&#8221;{}&#8221;]<\/p>\n<p><span style=\"color: #ffffff;\">Mit einem <\/span><span style=\"color: #b42a2a;\"><a href=\"https:\/\/color-clinic.com\/blog\/dein-narben-cover-up-tattoo-spezialist\/\" style=\"color: #b42a2a;\" target=\"_blank\" rel=\"noopener\">Narben Cover Up<\/a><\/span><br \/> <span style=\"color: #ffffff;\">startet man in einen neuen Lebensabschnitt, ohne\u00a0st\u00e4ndig<\/span><br \/><span style=\"color: #ffffff;\"> an die Vergangenheit denken<\/span><br \/><span style=\"color: #ffffff;\"> zu m\u00fcssen.<\/span><\/p>\n<p>[\/et_pb_text][et_pb_button button_url=&#8221;https:\/\/color-clinic.com\/kontakt\/&#8221; button_text=&#8221;Schreibe uns an&#8221; button_alignment=&#8221;center&#8221; _builder_version=&#8221;4.18.0&#8243; custom_button=&#8221;on&#8221; button_text_color=&#8221;#000000&#8243; button_bg_color=&#8221;#ffffff&#8221; button_border_width=&#8221;0px&#8221; button_border_radius=&#8221;5px&#8221; button_font=&#8221;|600|||||||&#8221; button_icon=&#8221;&#x24;||divi||400&#8243; button_on_hover=&#8221;off&#8221; hover_enabled=&#8221;0&#8243; button_text_color_last_edited=&#8221;off|desktop&#8221; global_colors_info=&#8221;{}&#8221; button_text_color__hover_enabled=&#8221;on|desktop&#8221; button_text_color__hover=&#8221;#000000&#8243; button_bg_color__hover_enabled=&#8221;on|hover&#8221; button_bg_color__hover=&#8221;#d3d3d3&#8243; button_bg_enable_color__hover=&#8221;on&#8221; sticky_enabled=&#8221;0&#8243;][\/et_pb_button][\/et_pb_column][\/et_pb_row][\/et_pb_section]<\/p>\n","protected":false},"excerpt":{"rendered":"<p>Narben sind ein Teil von\u00a0unserem\u00a0Leben,\u00a0egal wie sie entstanden sind.\u00a0Sie sind eine Erinnerung daran, mit welchen Situationen uns das Leben testet. Nat\u00fcrlich ist man stolz auf sich, nachdem man den Kampf mit sich selbst gewonnen hat, aber die Narben bleiben und manchmal bringen Sie schlechte Erinnerungen mit sich. Man m\u00f6chte diese einfach verstecken und vergessen.\u201eLasern ist [&hellip;]<\/p>\n","protected":false},"author":2,"featured_media":0,"parent":0,"menu_order":0,"comment_status":"closed","ping_status":"closed","template":"","meta":{"_et_pb_use_builder":"on","_et_pb_old_content":"<!-- wp:divi\/placeholder \/-->","_et_gb_content_width":"","iawp_total_views":1949,"footnotes":""},"class_list":["post-10","page","type-page","status-publish","hentry"],"_links":{"self":[{"href":"https:\/\/borderlinetattoo.de\/index.php?rest_route=\/wp\/v2\/pages\/10","targetHints":{"allow":["GET"]}}],"collection":[{"href":"https:\/\/borderlinetattoo.de\/index.php?rest_route=\/wp\/v2\/pages"}],"about":[{"href":"https:\/\/borderlinetattoo.de\/index.php?rest_route=\/wp\/v2\/types\/page"}],"author":[{"embeddable":true,"href":"https:\/\/borderlinetattoo.de\/index.php?rest_route=\/wp\/v2\/users\/2"}],"replies":[{"embeddable":true,"href":"https:\/\/borderlinetattoo.de\/index.php?rest_route=%2Fwp%2Fv2%2Fcomments&post=10"}],"version-history":[{"count":43,"href":"https:\/\/borderlinetattoo.de\/index.php?rest_route=\/wp\/v2\/pages\/10\/revisions"}],"predecessor-version":[{"id":5774,"href":"https:\/\/borderlinetattoo.de\/index.php?rest_route=\/wp\/v2\/pages\/10\/revisions\/5774"}],"wp:attachment":[{"href":"https:\/\/borderlinetattoo.de\/index.php?rest_route=%2Fwp%2Fv2%2Fmedia&parent=10"}],"curies":[{"name":"wp","href":"https:\/\/api.w.org\/{rel}","templated":true}]}}